{"id":410,"date":"2015-11-25T10:15:42","date_gmt":"2015-11-25T09:15:42","guid":{"rendered":"https:\/\/thoeles-vilsen.de\/hotel\/"},"modified":"2022-02-04T12:56:55","modified_gmt":"2022-02-04T11:56:55","slug":"hotel","status":"publish","type":"page","link":"https:\/\/thoeles-vilsen.de\/en\/hotel\/","title":{"rendered":"Hotel"},"content":{"rendered":"","protected":false},"excerpt":{"rendered":"","protected":false},"author":1,"featured_media":381,"parent":0,"menu_order":0,"comment_status":"closed","ping_status":"closed","template":"","meta":{"footnotes":""},"class_list":["post-410","page","type-page","status-publish","has-post-thumbnail","hentry"],"yoast_head":"<!-- This site is optimized with the Yoast SEO plugin v27.4 - https:\/\/yoast.com\/product\/yoast-seo-wordpress\/ -->\n<title>Hotel - Th\u00f6les *** in Vilsen | Seien Sie unser Gast!<\/title>\n<meta name=\"description\" content=\"In unmittelbarer N\u00e4he sind ein Kinderspielplatz, Restaurants, Cafes und diverse Kneipen und Bars erreichbar. Einkaufsm\u00f6glichkeiten sind geboten.\" \/>\n<meta name=\"robots\" content=\"index, follow, max-snippet:-1, max-image-preview:large, max-video-preview:-1\" \/>\n<link rel=\"canonical\" href=\"http:\/\/thoeles-vilsen.de\/en\/hotel\/\" \/>\n<meta property=\"og:locale\" content=\"en_US\" \/>\n<meta property=\"og:type\" content=\"article\" \/>\n<meta property=\"og:title\" content=\"Hotel - Th\u00f6les *** in Vilsen | Seien Sie unser Gast!\" \/>\n<meta property=\"og:description\" content=\"In unmittelbarer N\u00e4he sind ein Kinderspielplatz, Restaurants, Cafes und diverse Kneipen und Bars erreichbar. Einkaufsm\u00f6glichkeiten sind geboten.\" \/>\n<meta property=\"og:url\" content=\"http:\/\/thoeles-vilsen.de\/en\/hotel\/\" \/>\n<meta property=\"og:site_name\" content=\"Th\u00f6les *** in Vilsen\" \/>\n<meta property=\"article:modified_time\" content=\"2022-02-04T11:56:55+00:00\" \/>\n<meta property=\"og:image\" content=\"http:\/\/thoeles-vilsen.de\/wp-content\/uploads\/2022\/01\/thoeles-hotel-in-vilsen-headerbild-hotel.jpg\" \/>\n\t<meta property=\"og:image:width\" content=\"1920\" \/>\n\t<meta property=\"og:image:height\" content=\"660\" \/>\n\t<meta property=\"og:image:type\" content=\"image\/jpeg\" \/>\n<meta name=\"twitter:card\" content=\"summary_large_image\" \/>\n<script type=\"application\/ld+json\" class=\"yoast-schema-graph\">{\"@context\":\"https:\\\/\\\/schema.org\",\"@graph\":[{\"@type\":\"WebPage\",\"@id\":\"http:\\\/\\\/thoeles-vilsen.de\\\/en\\\/hotel\\\/\",\"url\":\"http:\\\/\\\/thoeles-vilsen.de\\\/en\\\/hotel\\\/\",\"name\":\"Hotel - Th\u00f6les *** in Vilsen | Seien Sie unser Gast!\",\"isPartOf\":{\"@id\":\"https:\\\/\\\/thoeles-vilsen.de\\\/#website\"},\"primaryImageOfPage\":{\"@id\":\"http:\\\/\\\/thoeles-vilsen.de\\\/en\\\/hotel\\\/#primaryimage\"},\"image\":{\"@id\":\"http:\\\/\\\/thoeles-vilsen.de\\\/en\\\/hotel\\\/#primaryimage\"},\"thumbnailUrl\":\"https:\\\/\\\/thoeles-vilsen.de\\\/wp-content\\\/uploads\\\/2022\\\/01\\\/thoeles-hotel-in-vilsen-headerbild-hotel.jpg\",\"datePublished\":\"2015-11-25T09:15:42+00:00\",\"dateModified\":\"2022-02-04T11:56:55+00:00\",\"description\":\"In unmittelbarer N\u00e4he sind ein Kinderspielplatz, Restaurants, Cafes und diverse Kneipen und Bars erreichbar. Einkaufsm\u00f6glichkeiten sind geboten.\",\"breadcrumb\":{\"@id\":\"http:\\\/\\\/thoeles-vilsen.de\\\/en\\\/hotel\\\/#breadcrumb\"},\"inLanguage\":\"en-US\",\"potentialAction\":[{\"@type\":\"ReadAction\",\"target\":[\"http:\\\/\\\/thoeles-vilsen.de\\\/en\\\/hotel\\\/\"]}]},{\"@type\":\"ImageObject\",\"inLanguage\":\"en-US\",\"@id\":\"http:\\\/\\\/thoeles-vilsen.de\\\/en\\\/hotel\\\/#primaryimage\",\"url\":\"https:\\\/\\\/thoeles-vilsen.de\\\/wp-content\\\/uploads\\\/2022\\\/01\\\/thoeles-hotel-in-vilsen-headerbild-hotel.jpg\",\"contentUrl\":\"https:\\\/\\\/thoeles-vilsen.de\\\/wp-content\\\/uploads\\\/2022\\\/01\\\/thoeles-hotel-in-vilsen-headerbild-hotel.jpg\",\"width\":1920,\"height\":660,\"caption\":\"Hotelheaderbild Haselnussbl\u00e4tter\"},{\"@type\":\"BreadcrumbList\",\"@id\":\"http:\\\/\\\/thoeles-vilsen.de\\\/en\\\/hotel\\\/#breadcrumb\",\"itemListElement\":[{\"@type\":\"ListItem\",\"position\":1,\"name\":\"Startseite\",\"item\":\"http:\\\/\\\/thoeles-vilsen.de\\\/en\\\/\"},{\"@type\":\"ListItem\",\"position\":2,\"name\":\"Hotel\"}]},{\"@type\":\"WebSite\",\"@id\":\"https:\\\/\\\/thoeles-vilsen.de\\\/#website\",\"url\":\"https:\\\/\\\/thoeles-vilsen.de\\\/\",\"name\":\"Th\u00f6les *** in Vilsen\",\"description\":\" Hotel in einzigartiger Lage im Vilser Ortskern.\",\"potentialAction\":[{\"@type\":\"SearchAction\",\"target\":{\"@type\":\"EntryPoint\",\"urlTemplate\":\"https:\\\/\\\/thoeles-vilsen.de\\\/?s={search_term_string}\"},\"query-input\":{\"@type\":\"PropertyValueSpecification\",\"valueRequired\":true,\"valueName\":\"search_term_string\"}}],\"inLanguage\":\"en-US\"}]}<\/script>\n<!-- \/ Yoast SEO plugin. -->","yoast_head_json":{"title":"Hotel - Th\u00f6les *** in Vilsen | Seien Sie unser Gast!","description":"In unmittelbarer N\u00e4he sind ein Kinderspielplatz, Restaurants, Cafes und diverse Kneipen und Bars erreichbar. Einkaufsm\u00f6glichkeiten sind geboten.","robots":{"index":"index","follow":"follow","max-snippet":"max-snippet:-1","max-image-preview":"max-image-preview:large","max-video-preview":"max-video-preview:-1"},"canonical":"http:\/\/thoeles-vilsen.de\/en\/hotel\/","og_locale":"en_US","og_type":"article","og_title":"Hotel - Th\u00f6les *** in Vilsen | Seien Sie unser Gast!","og_description":"In unmittelbarer N\u00e4he sind ein Kinderspielplatz, Restaurants, Cafes und diverse Kneipen und Bars erreichbar. Einkaufsm\u00f6glichkeiten sind geboten.","og_url":"http:\/\/thoeles-vilsen.de\/en\/hotel\/","og_site_name":"Th\u00f6les *** in Vilsen","article_modified_time":"2022-02-04T11:56:55+00:00","og_image":[{"width":1920,"height":660,"url":"http:\/\/thoeles-vilsen.de\/wp-content\/uploads\/2022\/01\/thoeles-hotel-in-vilsen-headerbild-hotel.jpg","type":"image\/jpeg"}],"twitter_card":"summary_large_image","schema":{"@context":"https:\/\/schema.org","@graph":[{"@type":"WebPage","@id":"http:\/\/thoeles-vilsen.de\/en\/hotel\/","url":"http:\/\/thoeles-vilsen.de\/en\/hotel\/","name":"Hotel - Th\u00f6les *** in Vilsen | Seien Sie unser Gast!","isPartOf":{"@id":"https:\/\/thoeles-vilsen.de\/#website"},"primaryImageOfPage":{"@id":"http:\/\/thoeles-vilsen.de\/en\/hotel\/#primaryimage"},"image":{"@id":"http:\/\/thoeles-vilsen.de\/en\/hotel\/#primaryimage"},"thumbnailUrl":"https:\/\/thoeles-vilsen.de\/wp-content\/uploads\/2022\/01\/thoeles-hotel-in-vilsen-headerbild-hotel.jpg","datePublished":"2015-11-25T09:15:42+00:00","dateModified":"2022-02-04T11:56:55+00:00","description":"In unmittelbarer N\u00e4he sind ein Kinderspielplatz, Restaurants, Cafes und diverse Kneipen und Bars erreichbar. Einkaufsm\u00f6glichkeiten sind geboten.","breadcrumb":{"@id":"http:\/\/thoeles-vilsen.de\/en\/hotel\/#breadcrumb"},"inLanguage":"en-US","potentialAction":[{"@type":"ReadAction","target":["http:\/\/thoeles-vilsen.de\/en\/hotel\/"]}]},{"@type":"ImageObject","inLanguage":"en-US","@id":"http:\/\/thoeles-vilsen.de\/en\/hotel\/#primaryimage","url":"https:\/\/thoeles-vilsen.de\/wp-content\/uploads\/2022\/01\/thoeles-hotel-in-vilsen-headerbild-hotel.jpg","contentUrl":"https:\/\/thoeles-vilsen.de\/wp-content\/uploads\/2022\/01\/thoeles-hotel-in-vilsen-headerbild-hotel.jpg","width":1920,"height":660,"caption":"Hotelheaderbild Haselnussbl\u00e4tter"},{"@type":"BreadcrumbList","@id":"http:\/\/thoeles-vilsen.de\/en\/hotel\/#breadcrumb","itemListElement":[{"@type":"ListItem","position":1,"name":"Startseite","item":"http:\/\/thoeles-vilsen.de\/en\/"},{"@type":"ListItem","position":2,"name":"Hotel"}]},{"@type":"WebSite","@id":"https:\/\/thoeles-vilsen.de\/#website","url":"https:\/\/thoeles-vilsen.de\/","name":"Th\u00f6les *** in Vilsen","description":" Hotel in einzigartiger Lage im Vilser Ortskern.","potentialAction":[{"@type":"SearchAction","target":{"@type":"EntryPoint","urlTemplate":"https:\/\/thoeles-vilsen.de\/?s={search_term_string}"},"query-input":{"@type":"PropertyValueSpecification","valueRequired":true,"valueName":"search_term_string"}}],"inLanguage":"en-US"}]}},"_links":{"self":[{"href":"https:\/\/thoeles-vilsen.de\/en\/wp-json\/wp\/v2\/pages\/410","targetHints":{"allow":["GET"]}}],"collection":[{"href":"https:\/\/thoeles-vilsen.de\/en\/wp-json\/wp\/v2\/pages"}],"about":[{"href":"https:\/\/thoeles-vilsen.de\/en\/wp-json\/wp\/v2\/types\/page"}],"author":[{"embeddable":true,"href":"https:\/\/thoeles-vilsen.de\/en\/wp-json\/wp\/v2\/users\/1"}],"replies":[{"embeddable":true,"href":"https:\/\/thoeles-vilsen.de\/en\/wp-json\/wp\/v2\/comments?post=410"}],"version-history":[{"count":2,"href":"https:\/\/thoeles-vilsen.de\/en\/wp-json\/wp\/v2\/pages\/410\/revisions"}],"predecessor-version":[{"id":412,"href":"https:\/\/thoeles-vilsen.de\/en\/wp-json\/wp\/v2\/pages\/410\/revisions\/412"}],"wp:featuredmedia":[{"embeddable":true,"href":"https:\/\/thoeles-vilsen.de\/en\/wp-json\/wp\/v2\/media\/381"}],"wp:attachment":[{"href":"https:\/\/thoeles-vilsen.de\/en\/wp-json\/wp\/v2\/media?parent=410"}],"curies":[{"name":"wp","href":"https:\/\/api.w.org\/{rel}","templated":true}]}}