{"id":413,"date":"2021-06-16T09:22:40","date_gmt":"2021-06-16T07:22:40","guid":{"rendered":"https:\/\/thoeles-vilsen.de\/fruehstueck\/"},"modified":"2022-02-04T13:22:20","modified_gmt":"2022-02-04T12:22:20","slug":"fruehstueck","status":"publish","type":"page","link":"https:\/\/thoeles-vilsen.de\/en\/fruehstueck\/","title":{"rendered":"Breakfast"},"content":{"rendered":"","protected":false},"excerpt":{"rendered":"","protected":false},"author":1,"featured_media":382,"parent":0,"menu_order":0,"comment_status":"closed","ping_status":"closed","template":"","meta":{"footnotes":""},"class_list":["post-413","page","type-page","status-publish","has-post-thumbnail","hentry"],"yoast_head":"<!-- This site is optimized with the Yoast SEO plugin v26.5 - https:\/\/yoast.com\/wordpress\/plugins\/seo\/ -->\n<title>Breakfast - Th\u00f6les *** in Vilsen | Gest\u00e4rkt in den Tag starten<\/title>\n<meta name=\"description\" content=\"Mit unserem reichhaltigen und ausgewogenen Fr\u00fchst\u00fccks-Buffet steht einem guten Start in den Tag nichts mehr im Wege.\" \/>\n<meta name=\"robots\" content=\"index, follow, max-snippet:-1, max-image-preview:large, max-video-preview:-1\" \/>\n<link rel=\"canonical\" href=\"http:\/\/thoeles-vilsen.de\/en\/fruehstueck\/\" \/>\n<meta property=\"og:locale\" content=\"en_US\" \/>\n<meta property=\"og:type\" content=\"article\" \/>\n<meta property=\"og:title\" content=\"Breakfast - Th\u00f6les *** in Vilsen | Gest\u00e4rkt in den Tag starten\" \/>\n<meta property=\"og:description\" content=\"Mit unserem reichhaltigen und ausgewogenen Fr\u00fchst\u00fccks-Buffet steht einem guten Start in den Tag nichts mehr im Wege.\" \/>\n<meta property=\"og:url\" content=\"http:\/\/thoeles-vilsen.de\/en\/fruehstueck\/\" \/>\n<meta property=\"og:site_name\" content=\"Th\u00f6les *** in Vilsen\" \/>\n<meta property=\"article:modified_time\" content=\"2022-02-04T12:22:20+00:00\" \/>\n<meta property=\"og:image\" content=\"http:\/\/thoeles-vilsen.de\/wp-content\/uploads\/2022\/01\/thoeles-hotel-in-vilsen-headerbild-fruehstueck.jpg\" \/>\n\t<meta property=\"og:image:width\" content=\"1920\" \/>\n\t<meta property=\"og:image:height\" content=\"660\" \/>\n\t<meta property=\"og:image:type\" content=\"image\/jpeg\" \/>\n<meta name=\"twitter:card\" content=\"summary_large_image\" \/>\n<script type=\"application\/ld+json\" class=\"yoast-schema-graph\">{\"@context\":\"https:\/\/schema.org\",\"@graph\":[{\"@type\":\"WebPage\",\"@id\":\"http:\/\/thoeles-vilsen.de\/en\/fruehstueck\/\",\"url\":\"http:\/\/thoeles-vilsen.de\/en\/fruehstueck\/\",\"name\":\"Breakfast - Th\u00f6les *** in Vilsen | Gest\u00e4rkt in den Tag starten\",\"isPartOf\":{\"@id\":\"https:\/\/thoeles-vilsen.de\/#website\"},\"primaryImageOfPage\":{\"@id\":\"http:\/\/thoeles-vilsen.de\/en\/fruehstueck\/#primaryimage\"},\"image\":{\"@id\":\"http:\/\/thoeles-vilsen.de\/en\/fruehstueck\/#primaryimage\"},\"thumbnailUrl\":\"https:\/\/thoeles-vilsen.de\/wp-content\/uploads\/2022\/01\/thoeles-hotel-in-vilsen-headerbild-fruehstueck.jpg\",\"datePublished\":\"2021-06-16T07:22:40+00:00\",\"dateModified\":\"2022-02-04T12:22:20+00:00\",\"description\":\"Mit unserem reichhaltigen und ausgewogenen Fr\u00fchst\u00fccks-Buffet steht einem guten Start in den Tag nichts mehr im Wege.\",\"breadcrumb\":{\"@id\":\"http:\/\/thoeles-vilsen.de\/en\/fruehstueck\/#breadcrumb\"},\"inLanguage\":\"en-US\",\"potentialAction\":[{\"@type\":\"ReadAction\",\"target\":[\"http:\/\/thoeles-vilsen.de\/en\/fruehstueck\/\"]}]},{\"@type\":\"ImageObject\",\"inLanguage\":\"en-US\",\"@id\":\"http:\/\/thoeles-vilsen.de\/en\/fruehstueck\/#primaryimage\",\"url\":\"https:\/\/thoeles-vilsen.de\/wp-content\/uploads\/2022\/01\/thoeles-hotel-in-vilsen-headerbild-fruehstueck.jpg\",\"contentUrl\":\"https:\/\/thoeles-vilsen.de\/wp-content\/uploads\/2022\/01\/thoeles-hotel-in-vilsen-headerbild-fruehstueck.jpg\",\"width\":1920,\"height\":660,\"caption\":\"Hotelheaderbild Kleebl\u00e4tter\"},{\"@type\":\"BreadcrumbList\",\"@id\":\"http:\/\/thoeles-vilsen.de\/en\/fruehstueck\/#breadcrumb\",\"itemListElement\":[{\"@type\":\"ListItem\",\"position\":1,\"name\":\"Startseite\",\"item\":\"http:\/\/thoeles-vilsen.de\/en\/\"},{\"@type\":\"ListItem\",\"position\":2,\"name\":\"Breakfast\"}]},{\"@type\":\"WebSite\",\"@id\":\"https:\/\/thoeles-vilsen.de\/#website\",\"url\":\"https:\/\/thoeles-vilsen.de\/\",\"name\":\"Th\u00f6les *** in Vilsen\",\"description\":\" Hotel in einzigartiger Lage im Vilser Ortskern.\",\"potentialAction\":[{\"@type\":\"SearchAction\",\"target\":{\"@type\":\"EntryPoint\",\"urlTemplate\":\"https:\/\/thoeles-vilsen.de\/?s={search_term_string}\"},\"query-input\":{\"@type\":\"PropertyValueSpecification\",\"valueRequired\":true,\"valueName\":\"search_term_string\"}}],\"inLanguage\":\"en-US\"}]}<\/script>\n<!-- \/ Yoast SEO plugin. -->","yoast_head_json":{"title":"Breakfast - Th\u00f6les *** in Vilsen | Gest\u00e4rkt in den Tag starten","description":"Mit unserem reichhaltigen und ausgewogenen Fr\u00fchst\u00fccks-Buffet steht einem guten Start in den Tag nichts mehr im Wege.","robots":{"index":"index","follow":"follow","max-snippet":"max-snippet:-1","max-image-preview":"max-image-preview:large","max-video-preview":"max-video-preview:-1"},"canonical":"http:\/\/thoeles-vilsen.de\/en\/fruehstueck\/","og_locale":"en_US","og_type":"article","og_title":"Breakfast - Th\u00f6les *** in Vilsen | Gest\u00e4rkt in den Tag starten","og_description":"Mit unserem reichhaltigen und ausgewogenen Fr\u00fchst\u00fccks-Buffet steht einem guten Start in den Tag nichts mehr im Wege.","og_url":"http:\/\/thoeles-vilsen.de\/en\/fruehstueck\/","og_site_name":"Th\u00f6les *** in Vilsen","article_modified_time":"2022-02-04T12:22:20+00:00","og_image":[{"width":1920,"height":660,"url":"http:\/\/thoeles-vilsen.de\/wp-content\/uploads\/2022\/01\/thoeles-hotel-in-vilsen-headerbild-fruehstueck.jpg","type":"image\/jpeg"}],"twitter_card":"summary_large_image","schema":{"@context":"https:\/\/schema.org","@graph":[{"@type":"WebPage","@id":"http:\/\/thoeles-vilsen.de\/en\/fruehstueck\/","url":"http:\/\/thoeles-vilsen.de\/en\/fruehstueck\/","name":"Breakfast - Th\u00f6les *** in Vilsen | Gest\u00e4rkt in den Tag starten","isPartOf":{"@id":"https:\/\/thoeles-vilsen.de\/#website"},"primaryImageOfPage":{"@id":"http:\/\/thoeles-vilsen.de\/en\/fruehstueck\/#primaryimage"},"image":{"@id":"http:\/\/thoeles-vilsen.de\/en\/fruehstueck\/#primaryimage"},"thumbnailUrl":"https:\/\/thoeles-vilsen.de\/wp-content\/uploads\/2022\/01\/thoeles-hotel-in-vilsen-headerbild-fruehstueck.jpg","datePublished":"2021-06-16T07:22:40+00:00","dateModified":"2022-02-04T12:22:20+00:00","description":"Mit unserem reichhaltigen und ausgewogenen Fr\u00fchst\u00fccks-Buffet steht einem guten Start in den Tag nichts mehr im Wege.","breadcrumb":{"@id":"http:\/\/thoeles-vilsen.de\/en\/fruehstueck\/#breadcrumb"},"inLanguage":"en-US","potentialAction":[{"@type":"ReadAction","target":["http:\/\/thoeles-vilsen.de\/en\/fruehstueck\/"]}]},{"@type":"ImageObject","inLanguage":"en-US","@id":"http:\/\/thoeles-vilsen.de\/en\/fruehstueck\/#primaryimage","url":"https:\/\/thoeles-vilsen.de\/wp-content\/uploads\/2022\/01\/thoeles-hotel-in-vilsen-headerbild-fruehstueck.jpg","contentUrl":"https:\/\/thoeles-vilsen.de\/wp-content\/uploads\/2022\/01\/thoeles-hotel-in-vilsen-headerbild-fruehstueck.jpg","width":1920,"height":660,"caption":"Hotelheaderbild Kleebl\u00e4tter"},{"@type":"BreadcrumbList","@id":"http:\/\/thoeles-vilsen.de\/en\/fruehstueck\/#breadcrumb","itemListElement":[{"@type":"ListItem","position":1,"name":"Startseite","item":"http:\/\/thoeles-vilsen.de\/en\/"},{"@type":"ListItem","position":2,"name":"Breakfast"}]},{"@type":"WebSite","@id":"https:\/\/thoeles-vilsen.de\/#website","url":"https:\/\/thoeles-vilsen.de\/","name":"Th\u00f6les *** in Vilsen","description":" Hotel in einzigartiger Lage im Vilser Ortskern.","potentialAction":[{"@type":"SearchAction","target":{"@type":"EntryPoint","urlTemplate":"https:\/\/thoeles-vilsen.de\/?s={search_term_string}"},"query-input":{"@type":"PropertyValueSpecification","valueRequired":true,"valueName":"search_term_string"}}],"inLanguage":"en-US"}]}},"_links":{"self":[{"href":"https:\/\/thoeles-vilsen.de\/en\/wp-json\/wp\/v2\/pages\/413","targetHints":{"allow":["GET"]}}],"collection":[{"href":"https:\/\/thoeles-vilsen.de\/en\/wp-json\/wp\/v2\/pages"}],"about":[{"href":"https:\/\/thoeles-vilsen.de\/en\/wp-json\/wp\/v2\/types\/page"}],"author":[{"embeddable":true,"href":"https:\/\/thoeles-vilsen.de\/en\/wp-json\/wp\/v2\/users\/1"}],"replies":[{"embeddable":true,"href":"https:\/\/thoeles-vilsen.de\/en\/wp-json\/wp\/v2\/comments?post=413"}],"version-history":[{"count":2,"href":"https:\/\/thoeles-vilsen.de\/en\/wp-json\/wp\/v2\/pages\/413\/revisions"}],"predecessor-version":[{"id":435,"href":"https:\/\/thoeles-vilsen.de\/en\/wp-json\/wp\/v2\/pages\/413\/revisions\/435"}],"wp:featuredmedia":[{"embeddable":true,"href":"https:\/\/thoeles-vilsen.de\/en\/wp-json\/wp\/v2\/media\/382"}],"wp:attachment":[{"href":"https:\/\/thoeles-vilsen.de\/en\/wp-json\/wp\/v2\/media?parent=413"}],"curies":[{"name":"wp","href":"https:\/\/api.w.org\/{rel}","templated":true}]}}