{"id":419,"date":"2015-11-25T10:22:13","date_gmt":"2015-11-25T09:22:13","guid":{"rendered":"https:\/\/thoeles-vilsen.de\/kontakt\/"},"modified":"2022-02-04T13:26:22","modified_gmt":"2022-02-04T12:26:22","slug":"kontakt","status":"publish","type":"page","link":"https:\/\/thoeles-vilsen.de\/en\/kontakt\/","title":{"rendered":"Contact"},"content":{"rendered":"","protected":false},"excerpt":{"rendered":"","protected":false},"author":1,"featured_media":394,"parent":0,"menu_order":0,"comment_status":"closed","ping_status":"closed","template":"","meta":{"footnotes":""},"class_list":["post-419","page","type-page","status-publish","has-post-thumbnail","hentry"],"yoast_head":"<!-- This site is optimized with the Yoast SEO plugin v27.4 - https:\/\/yoast.com\/product\/yoast-seo-wordpress\/ -->\n<title>Contact - Th\u00f6les *** in Vilsen | Wir sind f\u00fcr Sie da | Online Buchung<\/title>\n<meta name=\"description\" content=\"Rufen Sie innerhalb unserer \u00d6ffnungszeiten an oder schreiben Sie uns eine E-Mail. Wir antworten Ihnen schnellstm\u00f6glich. Nat\u00fcrlich freuen wir uns auch \u00fcber Ihren Besuch!\" \/>\n<meta name=\"robots\" content=\"index, follow, max-snippet:-1, max-image-preview:large, max-video-preview:-1\" \/>\n<link rel=\"canonical\" href=\"http:\/\/thoeles-vilsen.de\/en\/kontakt\/\" \/>\n<meta property=\"og:locale\" content=\"en_US\" \/>\n<meta property=\"og:type\" content=\"article\" \/>\n<meta property=\"og:title\" content=\"Contact - Th\u00f6les *** in Vilsen | Wir sind f\u00fcr Sie da | Online Buchung\" \/>\n<meta property=\"og:description\" content=\"Rufen Sie innerhalb unserer \u00d6ffnungszeiten an oder schreiben Sie uns eine E-Mail. Wir antworten Ihnen schnellstm\u00f6glich. Nat\u00fcrlich freuen wir uns auch \u00fcber Ihren Besuch!\" \/>\n<meta property=\"og:url\" content=\"http:\/\/thoeles-vilsen.de\/en\/kontakt\/\" \/>\n<meta property=\"og:site_name\" content=\"Th\u00f6les *** in Vilsen\" \/>\n<meta property=\"article:modified_time\" content=\"2022-02-04T12:26:22+00:00\" \/>\n<meta property=\"og:image\" content=\"http:\/\/thoeles-vilsen.de\/wp-content\/uploads\/2022\/01\/thoeles-hotel-in-vilsen-headerbild-kontakt.jpg\" \/>\n\t<meta property=\"og:image:width\" content=\"1920\" \/>\n\t<meta property=\"og:image:height\" content=\"660\" \/>\n\t<meta property=\"og:image:type\" content=\"image\/jpeg\" \/>\n<meta name=\"twitter:card\" content=\"summary_large_image\" \/>\n<script type=\"application\/ld+json\" class=\"yoast-schema-graph\">{\"@context\":\"https:\\\/\\\/schema.org\",\"@graph\":[{\"@type\":\"WebPage\",\"@id\":\"http:\\\/\\\/thoeles-vilsen.de\\\/en\\\/kontakt\\\/\",\"url\":\"http:\\\/\\\/thoeles-vilsen.de\\\/en\\\/kontakt\\\/\",\"name\":\"Contact - Th\u00f6les *** in Vilsen | Wir sind f\u00fcr Sie da | Online Buchung\",\"isPartOf\":{\"@id\":\"https:\\\/\\\/thoeles-vilsen.de\\\/#website\"},\"primaryImageOfPage\":{\"@id\":\"http:\\\/\\\/thoeles-vilsen.de\\\/en\\\/kontakt\\\/#primaryimage\"},\"image\":{\"@id\":\"http:\\\/\\\/thoeles-vilsen.de\\\/en\\\/kontakt\\\/#primaryimage\"},\"thumbnailUrl\":\"https:\\\/\\\/thoeles-vilsen.de\\\/wp-content\\\/uploads\\\/2022\\\/01\\\/thoeles-hotel-in-vilsen-headerbild-kontakt.jpg\",\"datePublished\":\"2015-11-25T09:22:13+00:00\",\"dateModified\":\"2022-02-04T12:26:22+00:00\",\"description\":\"Rufen Sie innerhalb unserer \u00d6ffnungszeiten an oder schreiben Sie uns eine E-Mail. Wir antworten Ihnen schnellstm\u00f6glich. Nat\u00fcrlich freuen wir uns auch \u00fcber Ihren Besuch!\",\"breadcrumb\":{\"@id\":\"http:\\\/\\\/thoeles-vilsen.de\\\/en\\\/kontakt\\\/#breadcrumb\"},\"inLanguage\":\"en-US\",\"potentialAction\":[{\"@type\":\"ReadAction\",\"target\":[\"http:\\\/\\\/thoeles-vilsen.de\\\/en\\\/kontakt\\\/\"]}]},{\"@type\":\"ImageObject\",\"inLanguage\":\"en-US\",\"@id\":\"http:\\\/\\\/thoeles-vilsen.de\\\/en\\\/kontakt\\\/#primaryimage\",\"url\":\"https:\\\/\\\/thoeles-vilsen.de\\\/wp-content\\\/uploads\\\/2022\\\/01\\\/thoeles-hotel-in-vilsen-headerbild-kontakt.jpg\",\"contentUrl\":\"https:\\\/\\\/thoeles-vilsen.de\\\/wp-content\\\/uploads\\\/2022\\\/01\\\/thoeles-hotel-in-vilsen-headerbild-kontakt.jpg\",\"width\":1920,\"height\":660,\"caption\":\"Bachlauf mit dicht bewachsenen Ufern\"},{\"@type\":\"BreadcrumbList\",\"@id\":\"http:\\\/\\\/thoeles-vilsen.de\\\/en\\\/kontakt\\\/#breadcrumb\",\"itemListElement\":[{\"@type\":\"ListItem\",\"position\":1,\"name\":\"Startseite\",\"item\":\"http:\\\/\\\/thoeles-vilsen.de\\\/en\\\/\"},{\"@type\":\"ListItem\",\"position\":2,\"name\":\"Contact\"}]},{\"@type\":\"WebSite\",\"@id\":\"https:\\\/\\\/thoeles-vilsen.de\\\/#website\",\"url\":\"https:\\\/\\\/thoeles-vilsen.de\\\/\",\"name\":\"Th\u00f6les *** in Vilsen\",\"description\":\" Hotel in einzigartiger Lage im Vilser Ortskern.\",\"potentialAction\":[{\"@type\":\"SearchAction\",\"target\":{\"@type\":\"EntryPoint\",\"urlTemplate\":\"https:\\\/\\\/thoeles-vilsen.de\\\/?s={search_term_string}\"},\"query-input\":{\"@type\":\"PropertyValueSpecification\",\"valueRequired\":true,\"valueName\":\"search_term_string\"}}],\"inLanguage\":\"en-US\"}]}<\/script>\n<!-- \/ Yoast SEO plugin. -->","yoast_head_json":{"title":"Contact - Th\u00f6les *** in Vilsen | Wir sind f\u00fcr Sie da | Online Buchung","description":"Rufen Sie innerhalb unserer \u00d6ffnungszeiten an oder schreiben Sie uns eine E-Mail. Wir antworten Ihnen schnellstm\u00f6glich. Nat\u00fcrlich freuen wir uns auch \u00fcber Ihren Besuch!","robots":{"index":"index","follow":"follow","max-snippet":"max-snippet:-1","max-image-preview":"max-image-preview:large","max-video-preview":"max-video-preview:-1"},"canonical":"http:\/\/thoeles-vilsen.de\/en\/kontakt\/","og_locale":"en_US","og_type":"article","og_title":"Contact - Th\u00f6les *** in Vilsen | Wir sind f\u00fcr Sie da | Online Buchung","og_description":"Rufen Sie innerhalb unserer \u00d6ffnungszeiten an oder schreiben Sie uns eine E-Mail. Wir antworten Ihnen schnellstm\u00f6glich. Nat\u00fcrlich freuen wir uns auch \u00fcber Ihren Besuch!","og_url":"http:\/\/thoeles-vilsen.de\/en\/kontakt\/","og_site_name":"Th\u00f6les *** in Vilsen","article_modified_time":"2022-02-04T12:26:22+00:00","og_image":[{"width":1920,"height":660,"url":"http:\/\/thoeles-vilsen.de\/wp-content\/uploads\/2022\/01\/thoeles-hotel-in-vilsen-headerbild-kontakt.jpg","type":"image\/jpeg"}],"twitter_card":"summary_large_image","schema":{"@context":"https:\/\/schema.org","@graph":[{"@type":"WebPage","@id":"http:\/\/thoeles-vilsen.de\/en\/kontakt\/","url":"http:\/\/thoeles-vilsen.de\/en\/kontakt\/","name":"Contact - Th\u00f6les *** in Vilsen | Wir sind f\u00fcr Sie da | Online Buchung","isPartOf":{"@id":"https:\/\/thoeles-vilsen.de\/#website"},"primaryImageOfPage":{"@id":"http:\/\/thoeles-vilsen.de\/en\/kontakt\/#primaryimage"},"image":{"@id":"http:\/\/thoeles-vilsen.de\/en\/kontakt\/#primaryimage"},"thumbnailUrl":"https:\/\/thoeles-vilsen.de\/wp-content\/uploads\/2022\/01\/thoeles-hotel-in-vilsen-headerbild-kontakt.jpg","datePublished":"2015-11-25T09:22:13+00:00","dateModified":"2022-02-04T12:26:22+00:00","description":"Rufen Sie innerhalb unserer \u00d6ffnungszeiten an oder schreiben Sie uns eine E-Mail. Wir antworten Ihnen schnellstm\u00f6glich. Nat\u00fcrlich freuen wir uns auch \u00fcber Ihren Besuch!","breadcrumb":{"@id":"http:\/\/thoeles-vilsen.de\/en\/kontakt\/#breadcrumb"},"inLanguage":"en-US","potentialAction":[{"@type":"ReadAction","target":["http:\/\/thoeles-vilsen.de\/en\/kontakt\/"]}]},{"@type":"ImageObject","inLanguage":"en-US","@id":"http:\/\/thoeles-vilsen.de\/en\/kontakt\/#primaryimage","url":"https:\/\/thoeles-vilsen.de\/wp-content\/uploads\/2022\/01\/thoeles-hotel-in-vilsen-headerbild-kontakt.jpg","contentUrl":"https:\/\/thoeles-vilsen.de\/wp-content\/uploads\/2022\/01\/thoeles-hotel-in-vilsen-headerbild-kontakt.jpg","width":1920,"height":660,"caption":"Bachlauf mit dicht bewachsenen Ufern"},{"@type":"BreadcrumbList","@id":"http:\/\/thoeles-vilsen.de\/en\/kontakt\/#breadcrumb","itemListElement":[{"@type":"ListItem","position":1,"name":"Startseite","item":"http:\/\/thoeles-vilsen.de\/en\/"},{"@type":"ListItem","position":2,"name":"Contact"}]},{"@type":"WebSite","@id":"https:\/\/thoeles-vilsen.de\/#website","url":"https:\/\/thoeles-vilsen.de\/","name":"Th\u00f6les *** in Vilsen","description":" Hotel in einzigartiger Lage im Vilser Ortskern.","potentialAction":[{"@type":"SearchAction","target":{"@type":"EntryPoint","urlTemplate":"https:\/\/thoeles-vilsen.de\/?s={search_term_string}"},"query-input":{"@type":"PropertyValueSpecification","valueRequired":true,"valueName":"search_term_string"}}],"inLanguage":"en-US"}]}},"_links":{"self":[{"href":"https:\/\/thoeles-vilsen.de\/en\/wp-json\/wp\/v2\/pages\/419","targetHints":{"allow":["GET"]}}],"collection":[{"href":"https:\/\/thoeles-vilsen.de\/en\/wp-json\/wp\/v2\/pages"}],"about":[{"href":"https:\/\/thoeles-vilsen.de\/en\/wp-json\/wp\/v2\/types\/page"}],"author":[{"embeddable":true,"href":"https:\/\/thoeles-vilsen.de\/en\/wp-json\/wp\/v2\/users\/1"}],"replies":[{"embeddable":true,"href":"https:\/\/thoeles-vilsen.de\/en\/wp-json\/wp\/v2\/comments?post=419"}],"version-history":[{"count":2,"href":"https:\/\/thoeles-vilsen.de\/en\/wp-json\/wp\/v2\/pages\/419\/revisions"}],"predecessor-version":[{"id":437,"href":"https:\/\/thoeles-vilsen.de\/en\/wp-json\/wp\/v2\/pages\/419\/revisions\/437"}],"wp:featuredmedia":[{"embeddable":true,"href":"https:\/\/thoeles-vilsen.de\/en\/wp-json\/wp\/v2\/media\/394"}],"wp:attachment":[{"href":"https:\/\/thoeles-vilsen.de\/en\/wp-json\/wp\/v2\/media?parent=419"}],"curies":[{"name":"wp","href":"https:\/\/api.w.org\/{rel}","templated":true}]}}